{"id":205,"date":"2019-12-04T15:54:30","date_gmt":"2019-12-04T15:54:30","guid":{"rendered":"https:\/\/endodontielaval.com\/dentiste\/?page_id=205"},"modified":"2019-12-04T16:06:07","modified_gmt":"2019-12-04T16:06:07","slug":"dr-normand-aubre","status":"publish","type":"page","link":"https:\/\/endodontielaval.com\/dentiste\/dr-normand-aubre\/","title":{"rendered":"Dr Normand Aubre"},"content":{"rendered":"<p>[et_pb_section bb_built=\u00a0\u00bb1&Prime; specialty=\u00a0\u00bboff\u00a0\u00bb next_background_color=\u00a0\u00bb#ffffff\u00a0\u00bb _builder_version=\u00a0\u00bb3.21&Prime; background_image=\u00a0\u00bbhttps:\/\/endodontielaval.com\/dentiste\/wp-content\/uploads\/2019\/11\/strip_endodontie.jpg\u00a0\u00bb][et_pb_row][et_pb_column type=\u00a0\u00bb4_4&Prime;][et_pb_text _builder_version=\u00a0\u00bb3.21&Prime; header_font=\u00a0\u00bb|||on|||||\u00a0\u00bb header_text_align=\u00a0\u00bbcenter\u00a0\u00bb header_text_color=\u00a0\u00bb#ffffff\u00a0\u00bb custom_padding=\u00a0\u00bb50px||50px|\u00a0\u00bb]<\/p>\n<h1>Les sp\u00e9cialistes<\/h1>\n<p>[\/et_pb_text][\/et_pb_column][\/et_pb_row][\/et_pb_section][et_pb_section bb_built=\u00a0\u00bb1&Prime; specialty=\u00a0\u00bboff\u00a0\u00bb prev_background_color=\u00a0\u00bb#000000&Prime; _builder_version=\u00a0\u00bb3.21&Prime; custom_padding=\u00a0\u00bb10px||10px|\u00a0\u00bb][et_pb_row][et_pb_column type=\u00a0\u00bb3_4&Prime;][et_pb_text _builder_version=\u00a0\u00bb3.21&Prime; header_2_text_color=\u00a0\u00bb#325fa6&Prime;]<\/p>\n<h2>Dr Normand Aubre<\/h2>\n<p><span style=\"color: #325fa6;\">Doctorat en m\u00e9decine dentaire<\/span><br \/>Universit\u00e9 de Montr\u00e9al 1977<\/p>\n<p><span style=\"color: #325fa6;\">Certificat en Endodontie<br \/><\/span>Henry M. Goldman School of Postgraduate Dentistry, Boston University, 1987<\/p>\n<p><span style=\"color: #325fa6;\">Pratique priv\u00e9e sp\u00e9cialis\u00e9e en endodontie depuis 1987<br \/><\/span>Laval, Qu\u00e9bec<\/p>\n<p><span style=\"color: #325fa6;\">Professeur adjoint<br \/><\/span>R\u00e9sidence multidisciplinaire de l\u2019H\u00f4pital pour enfants de Montr\u00e9al, Universit\u00e9 McGill depuis 1997<\/p>\n<p><span style=\"color: #325fa6;\">Conf\u00e9rencier invit\u00e9<\/span><\/p>\n<p>Journ\u00e9es Dentaires Internationales du Qu\u00e9bec 1988, 1993, 1998, 2000, 2001, 2002, 2006, 2008, 2010, 2016, 2017<br \/>Journ\u00e9es Dentaires de Nice 2011<br \/>Association dentaire Fran\u00e7aise (ADF) &#8211; Paris 2016<br \/>Schilder Institute for the Advancement of Endodontics &#8211; Live webinar USA &#8211; 2015<br \/>Pure Dental Learning &#8211; Live Webinar USA 2014<br \/>Soci\u00e9t\u00e9 Dentaire de Laval &#8211; 2012<br \/>\u00c9ducation continue &#8211; Cara\u00efbes 2012<br \/>F\u00e9d\u00e9ration Dentaire Internationale Montr\u00e9al 2005<br \/>Soci\u00e9t\u00e9 Marocaine d\u2019Odontologie, 10e Congr\u00e8s Dentaire National du Maroc, Casablanca, Maroc 1999<br \/>Soci\u00e9t\u00e9 Fran\u00e7aise d\u2019Odontologie P\u00e9diatrique Paris, France 2000<br \/>Soci\u00e9t\u00e9 dentaire Abitibi- T\u00e9miscamingue, Laval, Mauricie, Outaouais, Montr\u00e9al, Qu\u00e9bec, Saguenay Lac St-Jean<\/p>\n<p>[\/et_pb_text][\/et_pb_column][et_pb_column type=\u00a0\u00bb1_4&Prime;][et_pb_image _builder_version=\u00a0\u00bb3.21&Prime; src=\u00a0\u00bbhttps:\/\/endodontielaval.com\/dentiste\/wp-content\/uploads\/2019\/12\/normand.jpg\u00a0\u00bb \/][\/et_pb_column][\/et_pb_row][\/et_pb_section]<\/p>\n","protected":false},"excerpt":{"rendered":"<p>[et_pb_section bb_built=\u00a0\u00bb1&Prime; specialty=\u00a0\u00bboff\u00a0\u00bb next_background_color=\u00a0\u00bb#ffffff\u00a0\u00bb _builder_version=\u00a0\u00bb3.21&Prime; background_image=\u00a0\u00bbhttps:\/\/endodontielaval.com\/dentiste\/wp-content\/uploads\/2019\/11\/strip_endodontie.jpg\u00a0\u00bb][et_pb_row][et_pb_column type=\u00a0\u00bb4_4&Prime;][et_pb_text _builder_version=\u00a0\u00bb3.21&Prime; header_font=\u00a0\u00bb|||on|||||\u00a0\u00bb header_text_align=\u00a0\u00bbcenter\u00a0\u00bb header_text_color=\u00a0\u00bb#ffffff\u00a0\u00bb custom_padding=\u00a0\u00bb50px||50px|\u00a0\u00bb] Les sp\u00e9cialistes [\/et_pb_text][\/et_pb_column][\/et_pb_row][\/et_pb_section][et_pb_section bb_built=\u00a0\u00bb1&Prime; specialty=\u00a0\u00bboff\u00a0\u00bb prev_background_color=\u00a0\u00bb#000000&Prime; _builder_version=\u00a0\u00bb3.21&Prime; custom_padding=\u00a0\u00bb10px||10px|\u00a0\u00bb][et_pb_row][et_pb_column type=\u00a0\u00bb3_4&Prime;][et_pb_text _builder_version=\u00a0\u00bb3.21&Prime; header_2_text_color=\u00a0\u00bb#325fa6&Prime;] Dr Normand Aubre Doctorat en m\u00e9decine dentaireUniversit\u00e9 de Montr\u00e9al 1977 Certificat en EndodontieHenry M. Goldman School of Postgraduate Dentistry, Boston University, 1987 Pratique priv\u00e9e sp\u00e9cialis\u00e9e en endodontie depuis 1987Laval, Qu\u00e9bec Professeur adjointR\u00e9sidence [&hellip;]<\/p>\n","protected":false},"author":1,"featured_media":0,"parent":0,"menu_order":0,"comment_status":"closed","ping_status":"closed","template":"","meta":{"_et_pb_use_builder":"on","_et_pb_old_content":"","_et_gb_content_width":""},"_links":{"self":[{"href":"https:\/\/endodontielaval.com\/dentiste\/wp-json\/wp\/v2\/pages\/205"}],"collection":[{"href":"https:\/\/endodontielaval.com\/dentiste\/wp-json\/wp\/v2\/pages"}],"about":[{"href":"https:\/\/endodontielaval.com\/dentiste\/wp-json\/wp\/v2\/types\/page"}],"author":[{"embeddable":true,"href":"https:\/\/endodontielaval.com\/dentiste\/wp-json\/wp\/v2\/users\/1"}],"replies":[{"embeddable":true,"href":"https:\/\/endodontielaval.com\/dentiste\/wp-json\/wp\/v2\/comments?post=205"}],"version-history":[{"count":4,"href":"https:\/\/endodontielaval.com\/dentiste\/wp-json\/wp\/v2\/pages\/205\/revisions"}],"predecessor-version":[{"id":217,"href":"https:\/\/endodontielaval.com\/dentiste\/wp-json\/wp\/v2\/pages\/205\/revisions\/217"}],"wp:attachment":[{"href":"https:\/\/endodontielaval.com\/dentiste\/wp-json\/wp\/v2\/media?parent=205"}],"curies":[{"name":"wp","href":"https:\/\/api.w.org\/{rel}","templated":true}]}}