{"id":212,"date":"2019-12-04T16:04:01","date_gmt":"2019-12-04T16:04:01","guid":{"rendered":"https:\/\/endodontielaval.com\/dentiste\/?page_id=212"},"modified":"2019-12-04T16:04:01","modified_gmt":"2019-12-04T16:04:01","slug":"dr-maryse-major","status":"publish","type":"page","link":"https:\/\/endodontielaval.com\/dentiste\/dr-maryse-major\/","title":{"rendered":"Dr Maryse Major"},"content":{"rendered":"<p>[et_pb_section bb_built=\u00a0\u00bb1&Prime; specialty=\u00a0\u00bboff\u00a0\u00bb next_background_color=\u00a0\u00bb#ffffff\u00a0\u00bb _builder_version=\u00a0\u00bb3.21&Prime; background_image=\u00a0\u00bbhttps:\/\/endodontielaval.com\/dentiste\/wp-content\/uploads\/2019\/11\/strip_endodontie.jpg\u00a0\u00bb][et_pb_row][et_pb_column type=\u00a0\u00bb4_4&Prime;][et_pb_text _builder_version=\u00a0\u00bb3.21&Prime; header_font=\u00a0\u00bb|||on|||||\u00a0\u00bb header_text_align=\u00a0\u00bbcenter\u00a0\u00bb header_text_color=\u00a0\u00bb#ffffff\u00a0\u00bb custom_padding=\u00a0\u00bb50px||50px|\u00a0\u00bb]<\/p>\n<h1>Les sp\u00e9cialistes<\/h1>\n<p>[\/et_pb_text][\/et_pb_column][\/et_pb_row][\/et_pb_section][et_pb_section bb_built=\u00a0\u00bb1&Prime; specialty=\u00a0\u00bboff\u00a0\u00bb prev_background_color=\u00a0\u00bb#000000&Prime; _builder_version=\u00a0\u00bb3.21&Prime; custom_padding=\u00a0\u00bb10px||10px|\u00a0\u00bb][et_pb_row][et_pb_column type=\u00a0\u00bb3_4&Prime;][et_pb_text _builder_version=\u00a0\u00bb3.21&Prime; header_2_text_color=\u00a0\u00bb#325fa6&Prime;]<\/p>\n<h2>Dr Maryse Major<\/h2>\n<p><span style=\"color: #325fa6;\">Doctorat en m\u00e9decine dentaire<br \/><\/span>Universit\u00e9 de Montr\u00e9al 1995<\/p>\n<p><span style=\"color: #325fa6;\">Ma\u00eetrise en sciences biom\u00e9dicales<\/span><br \/>Universit\u00e9 de Montr\u00e9al 1997<\/p>\n<p><span style=\"color: #325fa6;\">Certificat de sp\u00e9cialisation en endodontie<br \/><\/span>University of Connecticut 1999<\/p>\n<p><span style=\"color: #325fa6;\">Conf\u00e9renci\u00e8re invit\u00e9e annuellement<\/span><\/p>\n<p>Universit\u00e9 de Montr\u00e9al (d\u00e9partement d&rsquo;orthodontie) et autres soci\u00e9t\u00e9s dentaires<br \/>Congr\u00e8s mondial annuel de la FDI 2005<br \/>Belgique 2010<br \/>Allemagne 2013<br \/>Association dentaire fran\u00e7aise (ADF) 2016<br \/>Formation Dentaire et Formation Dentaire Continue<br \/>2005, 2006, 2007, 2009, 2013<br \/>Journ\u00e9es Dentaires Internationales du Qu\u00e9bec<br \/>2001, 2003, 2008, 2009, 2012, 2016, 2017<\/p>\n<p><span style=\"color: #325fa6;\">Travail d\u2019expertise<\/span><br \/>Ordre des dentistes du Qu\u00e9bec depuis 1999<\/p>\n<p><span style=\"color: #325fa6;\">Pratique priv\u00e9e limit\u00e9e<\/span><br \/>Endodontie \u00e0 Laval et Repentigny, Qu\u00e9bec depuis 1999<\/p>\n<p>\u00a0<\/p>\n<p>[\/et_pb_text][\/et_pb_column][et_pb_column type=\u00a0\u00bb1_4&Prime;][et_pb_image _builder_version=\u00a0\u00bb3.21&Prime; src=\u00a0\u00bbhttps:\/\/endodontielaval.com\/dentiste\/wp-content\/uploads\/2019\/12\/image-content-maryse.jpg\u00a0\u00bb \/][\/et_pb_column][\/et_pb_row][\/et_pb_section]<\/p>\n","protected":false},"excerpt":{"rendered":"<p>[et_pb_section bb_built=\u00a0\u00bb1&Prime; specialty=\u00a0\u00bboff\u00a0\u00bb next_background_color=\u00a0\u00bb#ffffff\u00a0\u00bb _builder_version=\u00a0\u00bb3.21&Prime; background_image=\u00a0\u00bbhttps:\/\/endodontielaval.com\/dentiste\/wp-content\/uploads\/2019\/11\/strip_endodontie.jpg\u00a0\u00bb][et_pb_row][et_pb_column type=\u00a0\u00bb4_4&Prime;][et_pb_text _builder_version=\u00a0\u00bb3.21&Prime; header_font=\u00a0\u00bb|||on|||||\u00a0\u00bb header_text_align=\u00a0\u00bbcenter\u00a0\u00bb header_text_color=\u00a0\u00bb#ffffff\u00a0\u00bb custom_padding=\u00a0\u00bb50px||50px|\u00a0\u00bb] Les sp\u00e9cialistes [\/et_pb_text][\/et_pb_column][\/et_pb_row][\/et_pb_section][et_pb_section bb_built=\u00a0\u00bb1&Prime; specialty=\u00a0\u00bboff\u00a0\u00bb prev_background_color=\u00a0\u00bb#000000&Prime; _builder_version=\u00a0\u00bb3.21&Prime; custom_padding=\u00a0\u00bb10px||10px|\u00a0\u00bb][et_pb_row][et_pb_column type=\u00a0\u00bb3_4&Prime;][et_pb_text _builder_version=\u00a0\u00bb3.21&Prime; header_2_text_color=\u00a0\u00bb#325fa6&Prime;] Dr Maryse Major Doctorat en m\u00e9decine dentaireUniversit\u00e9 de Montr\u00e9al 1995 Ma\u00eetrise en sciences biom\u00e9dicalesUniversit\u00e9 de Montr\u00e9al 1997 Certificat de sp\u00e9cialisation en endodontieUniversity of Connecticut 1999 Conf\u00e9renci\u00e8re invit\u00e9e annuellement Universit\u00e9 de Montr\u00e9al (d\u00e9partement [&hellip;]<\/p>\n","protected":false},"author":1,"featured_media":0,"parent":0,"menu_order":0,"comment_status":"closed","ping_status":"closed","template":"","meta":{"_et_pb_use_builder":"on","_et_pb_old_content":"","_et_gb_content_width":""},"_links":{"self":[{"href":"https:\/\/endodontielaval.com\/dentiste\/wp-json\/wp\/v2\/pages\/212"}],"collection":[{"href":"https:\/\/endodontielaval.com\/dentiste\/wp-json\/wp\/v2\/pages"}],"about":[{"href":"https:\/\/endodontielaval.com\/dentiste\/wp-json\/wp\/v2\/types\/page"}],"author":[{"embeddable":true,"href":"https:\/\/endodontielaval.com\/dentiste\/wp-json\/wp\/v2\/users\/1"}],"replies":[{"embeddable":true,"href":"https:\/\/endodontielaval.com\/dentiste\/wp-json\/wp\/v2\/comments?post=212"}],"version-history":[{"count":1,"href":"https:\/\/endodontielaval.com\/dentiste\/wp-json\/wp\/v2\/pages\/212\/revisions"}],"predecessor-version":[{"id":216,"href":"https:\/\/endodontielaval.com\/dentiste\/wp-json\/wp\/v2\/pages\/212\/revisions\/216"}],"wp:attachment":[{"href":"https:\/\/endodontielaval.com\/dentiste\/wp-json\/wp\/v2\/media?parent=212"}],"curies":[{"name":"wp","href":"https:\/\/api.w.org\/{rel}","templated":true}]}}