{"id":220,"date":"2019-12-04T16:13:00","date_gmt":"2019-12-04T16:13:00","guid":{"rendered":"https:\/\/endodontielaval.com\/dentiste\/?page_id=220"},"modified":"2019-12-04T16:13:00","modified_gmt":"2019-12-04T16:13:00","slug":"dr-karine-charara","status":"publish","type":"page","link":"https:\/\/endodontielaval.com\/dentiste\/dr-karine-charara\/","title":{"rendered":"Dr Karine Charara"},"content":{"rendered":"<p>[et_pb_section bb_built=\u00a0\u00bb1&Prime; specialty=\u00a0\u00bboff\u00a0\u00bb next_background_color=\u00a0\u00bb#ffffff\u00a0\u00bb _builder_version=\u00a0\u00bb3.21&Prime; background_image=\u00a0\u00bbhttps:\/\/endodontielaval.com\/dentiste\/wp-content\/uploads\/2019\/11\/strip_endodontie.jpg\u00a0\u00bb][et_pb_row][et_pb_column type=\u00a0\u00bb4_4&Prime;][et_pb_text _builder_version=\u00a0\u00bb3.21&Prime; header_font=\u00a0\u00bb|||on|||||\u00a0\u00bb header_text_align=\u00a0\u00bbcenter\u00a0\u00bb header_text_color=\u00a0\u00bb#ffffff\u00a0\u00bb custom_padding=\u00a0\u00bb50px||50px|\u00a0\u00bb]<\/p>\n<h1>Les sp\u00e9cialistes<\/h1>\n<p>[\/et_pb_text][\/et_pb_column][\/et_pb_row][\/et_pb_section][et_pb_section bb_built=\u00a0\u00bb1&Prime; specialty=\u00a0\u00bboff\u00a0\u00bb prev_background_color=\u00a0\u00bb#000000&Prime; _builder_version=\u00a0\u00bb3.21&Prime; custom_padding=\u00a0\u00bb10px||10px|\u00a0\u00bb][et_pb_row][et_pb_column type=\u00a0\u00bb3_4&Prime;][et_pb_text _builder_version=\u00a0\u00bb3.21&Prime; header_2_text_color=\u00a0\u00bb#325fa6&Prime;]<\/p>\n<h2>Dr Karine Charara<\/h2>\n<p><span style=\"color: #325fa6;\">Doctorat en m\u00e9decine dentaire<br \/><\/span>Universit\u00e9 de Montr\u00e9al 2009<\/p>\n<p><span style=\"color: #325fa6;\">Certificat de sp\u00e9cialisation en endodontie<\/span><br \/>University of Toronto 2015<\/p>\n<p><span style=\"color: #325fa6;\">Ma\u00eetrise en Sciences<\/span><br \/>University of Toronto 2015<\/p>\n<p><span style=\"color: #325fa6;\">Professeur adjoint<\/span><br \/>Universit\u00e9 de Montr\u00e9al<br \/>Responsable du volet endodontique de la r\u00e9sidence multidisciplinaire<\/p>\n<p><span style=\"color: #325fa6;\">Conf\u00e9renci\u00e8re invit\u00e9e<\/span><br \/>Tourn\u00e9e de l\u2019Ordre des dentistes 2016-2017<br \/>Journ\u00e9es dentaires internationales du Qu\u00e9bec 2016, 2017<br \/>American Association of Endodontists Annual Session 2016<br \/>Canadian Academy of Endodontics Annual Meeting 2016<\/p>\n<p><span style=\"color: #325fa6;\">Publications<\/span><\/p>\n<p>Charara K, Friedman S, Sherman A, Assessment of apical extrusion during root canal procedure with the novel Gentle Wave system in a simulated apical environment. J Endod, Jan 2016.<\/p>\n<p>Glassman G, Charara K, EndoVacTM Apical Negative Pressure: Safe and Effective Endodontic Irrigation from Beginning to END. Oral Health May 2015.<\/p>\n<p>Glassman G, Charara K, Apical Negative Pressure: Safety, Efficacy and Efficiency Abstract in Endodontic Irrigation &#8211; Chemical disinfection of the root canal system. Basrani B. Springer, October 2015<\/p>\n<p>Charara K, Ionescu A, Gagliardi J, Surgical Management of invasive External Cervical Root Resorption Aided by Cone-Beam Computes Tomography: a case report. Oral Health May 2014.<\/p>\n<p><span style=\"color: #325fa6;\">Pratique priv\u00e9e limit\u00e9e \u00e0 l\u2019endodontie<\/span><br \/>Depuis 2015<\/p>\n<p><span style=\"color: #325fa6;\">Travail d&rsquo;expertise<\/span><br \/>Ordre des dentistes du Qu\u00e9bec depuis 2015<\/p>\n<p>[\/et_pb_text][\/et_pb_column][et_pb_column type=\u00a0\u00bb1_4&Prime;][et_pb_image _builder_version=\u00a0\u00bb3.21&Prime; src=\u00a0\u00bbhttps:\/\/endodontielaval.com\/dentiste\/wp-content\/uploads\/2019\/12\/image-contentcharara2.jpg\u00a0\u00bb \/][\/et_pb_column][\/et_pb_row][\/et_pb_section]<\/p>\n","protected":false},"excerpt":{"rendered":"<p>[et_pb_section bb_built=\u00a0\u00bb1&Prime; specialty=\u00a0\u00bboff\u00a0\u00bb next_background_color=\u00a0\u00bb#ffffff\u00a0\u00bb _builder_version=\u00a0\u00bb3.21&Prime; background_image=\u00a0\u00bbhttps:\/\/endodontielaval.com\/dentiste\/wp-content\/uploads\/2019\/11\/strip_endodontie.jpg\u00a0\u00bb][et_pb_row][et_pb_column type=\u00a0\u00bb4_4&Prime;][et_pb_text _builder_version=\u00a0\u00bb3.21&Prime; header_font=\u00a0\u00bb|||on|||||\u00a0\u00bb header_text_align=\u00a0\u00bbcenter\u00a0\u00bb header_text_color=\u00a0\u00bb#ffffff\u00a0\u00bb custom_padding=\u00a0\u00bb50px||50px|\u00a0\u00bb] Les sp\u00e9cialistes [\/et_pb_text][\/et_pb_column][\/et_pb_row][\/et_pb_section][et_pb_section bb_built=\u00a0\u00bb1&Prime; specialty=\u00a0\u00bboff\u00a0\u00bb prev_background_color=\u00a0\u00bb#000000&Prime; _builder_version=\u00a0\u00bb3.21&Prime; custom_padding=\u00a0\u00bb10px||10px|\u00a0\u00bb][et_pb_row][et_pb_column type=\u00a0\u00bb3_4&Prime;][et_pb_text _builder_version=\u00a0\u00bb3.21&Prime; header_2_text_color=\u00a0\u00bb#325fa6&Prime;] Dr Karine Charara Doctorat en m\u00e9decine dentaireUniversit\u00e9 de Montr\u00e9al 2009 Certificat de sp\u00e9cialisation en endodontieUniversity of Toronto 2015 Ma\u00eetrise en SciencesUniversity of Toronto 2015 Professeur adjointUniversit\u00e9 de Montr\u00e9alResponsable du volet endodontique de [&hellip;]<\/p>\n","protected":false},"author":1,"featured_media":0,"parent":0,"menu_order":0,"comment_status":"closed","ping_status":"closed","template":"","meta":{"_et_pb_use_builder":"on","_et_pb_old_content":"","_et_gb_content_width":""},"_links":{"self":[{"href":"https:\/\/endodontielaval.com\/dentiste\/wp-json\/wp\/v2\/pages\/220"}],"collection":[{"href":"https:\/\/endodontielaval.com\/dentiste\/wp-json\/wp\/v2\/pages"}],"about":[{"href":"https:\/\/endodontielaval.com\/dentiste\/wp-json\/wp\/v2\/types\/page"}],"author":[{"embeddable":true,"href":"https:\/\/endodontielaval.com\/dentiste\/wp-json\/wp\/v2\/users\/1"}],"replies":[{"embeddable":true,"href":"https:\/\/endodontielaval.com\/dentiste\/wp-json\/wp\/v2\/comments?post=220"}],"version-history":[{"count":1,"href":"https:\/\/endodontielaval.com\/dentiste\/wp-json\/wp\/v2\/pages\/220\/revisions"}],"predecessor-version":[{"id":222,"href":"https:\/\/endodontielaval.com\/dentiste\/wp-json\/wp\/v2\/pages\/220\/revisions\/222"}],"wp:attachment":[{"href":"https:\/\/endodontielaval.com\/dentiste\/wp-json\/wp\/v2\/media?parent=220"}],"curies":[{"name":"wp","href":"https:\/\/api.w.org\/{rel}","templated":true}]}}