{"id":375,"date":"2019-12-12T14:14:19","date_gmt":"2019-12-12T14:14:19","guid":{"rendered":"https:\/\/endodontielaval.com\/dentiste\/?page_id=375"},"modified":"2019-12-12T14:15:49","modified_gmt":"2019-12-12T14:15:49","slug":"collaboration-avec-professionnels","status":"publish","type":"page","link":"https:\/\/endodontielaval.com\/dentiste\/collaboration-avec-professionnels\/","title":{"rendered":"Collaboration avec professionnels"},"content":{"rendered":"<p>[et_pb_section fb_built=\u00a0\u00bb1&Prime; _builder_version=\u00a0\u00bb3.22&Prime; background_image=\u00a0\u00bbhttps:\/\/endodontielaval.com\/dentiste\/wp-content\/uploads\/2019\/12\/soins_strip.jpg\u00a0\u00bb][et_pb_row _builder_version=\u00a0\u00bb3.25&Prime; background_size=\u00a0\u00bbinitial\u00a0\u00bb background_position=\u00a0\u00bbtop_left\u00a0\u00bb background_repeat=\u00a0\u00bbrepeat\u00a0\u00bb][et_pb_column type=\u00a0\u00bb4_4&Prime; _builder_version=\u00a0\u00bb3.25&Prime; custom_padding=\u00a0\u00bb|||\u00a0\u00bb custom_padding__hover=\u00a0\u00bb|||\u00a0\u00bb][et_pb_text _builder_version=\u00a0\u00bb4.0.9&Prime; header_font=\u00a0\u00bb|||on|||||\u00a0\u00bb header_text_align=\u00a0\u00bbcenter\u00a0\u00bb header_text_color=\u00a0\u00bb#ffffff\u00a0\u00bb header_2_font=\u00a0\u00bb|||on|||||\u00a0\u00bb header_2_text_align=\u00a0\u00bbcenter\u00a0\u00bb custom_padding=\u00a0\u00bb50px||50px|\u00a0\u00bb]<\/p>\n<h1>Collaboration entre professionnels <\/h1>\n<p>[\/et_pb_text][\/et_pb_column][\/et_pb_row][\/et_pb_section][et_pb_section fb_built=\u00a0\u00bb1&Prime; _builder_version=\u00a0\u00bb3.22&Prime;][et_pb_row _builder_version=\u00a0\u00bb4.0.9&Prime;][et_pb_column _builder_version=\u00a0\u00bb4.0.9&Prime; type=\u00a0\u00bb4_4&Prime;][et_pb_text _builder_version=\u00a0\u00bb4.0.9&Prime; header_2_text_color=\u00a0\u00bb#325fa6&Prime;] La mission premi\u00e8re de la Clinique d\u2019endodontie Laval est de prendre soin des patients que vous nous r\u00e9f\u00e9rez, faire en sorte que le traitement soit r\u00e9alis\u00e9 de fa\u00e7on diligente, rapide, tout en r\u00e9pondant \u00e0 vos besoins. Pour ce faire, nous avons besoin de travailler en \u00e9troite collaboration avec vous et les autres sp\u00e9cialistes impliqu\u00e9s dans le plan de traitement du patient.<\/p>\n<p>Afin de r\u00e9aliser le traitement optimal pour votre patient, il sera important de conna\u00eetre les d\u00e9lais de r\u00e9alisation des traitements subs\u00e9quents. Une bonne communication des informations pertinentes lors de la prescription de traitement nous permettra de combler vos attentes et celles de votre patient.<\/p>\n<p>Il est \u00e0 noter qu\u2019afin de pr\u00e9venir une fracture coronaire , la dent trait\u00e9e sera restaur\u00e9e \u00e0 l\u2019aide d\u2019une r\u00e9sine composite mordanc\u00e9e.<\/p>\n<p>Si nous jugeons pertinent d\u2019avoir l\u2019opinion d\u2019un autre sp\u00e9cialiste concernant l\u2019\u00e9valuation et le plan de traitement requis pour la condition de votre patient, il nous fera plaisir de vous transmettre les informations lors du rapport.[\/et_pb_text][\/et_pb_column][\/et_pb_row][\/et_pb_section]<\/p>\n","protected":false},"excerpt":{"rendered":"<p>[et_pb_section fb_built=\u00a0\u00bb1&Prime; _builder_version=\u00a0\u00bb3.22&Prime; background_image=\u00a0\u00bbhttps:\/\/endodontielaval.com\/dentiste\/wp-content\/uploads\/2019\/12\/soins_strip.jpg\u00a0\u00bb][et_pb_row _builder_version=\u00a0\u00bb3.25&Prime; background_size=\u00a0\u00bbinitial\u00a0\u00bb background_position=\u00a0\u00bbtop_left\u00a0\u00bb background_repeat=\u00a0\u00bbrepeat\u00a0\u00bb][et_pb_column type=\u00a0\u00bb4_4&Prime; _builder_version=\u00a0\u00bb3.25&Prime; custom_padding=\u00a0\u00bb|||\u00a0\u00bb custom_padding__hover=\u00a0\u00bb|||\u00a0\u00bb][et_pb_text _builder_version=\u00a0\u00bb4.0.9&Prime; header_font=\u00a0\u00bb|||on|||||\u00a0\u00bb header_text_align=\u00a0\u00bbcenter\u00a0\u00bb header_text_color=\u00a0\u00bb#ffffff\u00a0\u00bb header_2_font=\u00a0\u00bb|||on|||||\u00a0\u00bb header_2_text_align=\u00a0\u00bbcenter\u00a0\u00bb custom_padding=\u00a0\u00bb50px||50px|\u00a0\u00bb] Collaboration entre professionnels [\/et_pb_text][\/et_pb_column][\/et_pb_row][\/et_pb_section][et_pb_section fb_built=\u00a0\u00bb1&Prime; _builder_version=\u00a0\u00bb3.22&Prime;][et_pb_row _builder_version=\u00a0\u00bb4.0.9&Prime;][et_pb_column _builder_version=\u00a0\u00bb4.0.9&Prime; type=\u00a0\u00bb4_4&Prime;][et_pb_text _builder_version=\u00a0\u00bb4.0.9&Prime; header_2_text_color=\u00a0\u00bb#325fa6&Prime;] La mission premi\u00e8re de la Clinique d\u2019endodontie Laval est de prendre soin des patients que vous nous r\u00e9f\u00e9rez, faire en sorte que le traitement soit [&hellip;]<\/p>\n","protected":false},"author":1,"featured_media":0,"parent":0,"menu_order":0,"comment_status":"closed","ping_status":"closed","template":"","meta":{"_et_pb_use_builder":"on","_et_pb_old_content":"","_et_gb_content_width":""},"_links":{"self":[{"href":"https:\/\/endodontielaval.com\/dentiste\/wp-json\/wp\/v2\/pages\/375"}],"collection":[{"href":"https:\/\/endodontielaval.com\/dentiste\/wp-json\/wp\/v2\/pages"}],"about":[{"href":"https:\/\/endodontielaval.com\/dentiste\/wp-json\/wp\/v2\/types\/page"}],"author":[{"embeddable":true,"href":"https:\/\/endodontielaval.com\/dentiste\/wp-json\/wp\/v2\/users\/1"}],"replies":[{"embeddable":true,"href":"https:\/\/endodontielaval.com\/dentiste\/wp-json\/wp\/v2\/comments?post=375"}],"version-history":[{"count":4,"href":"https:\/\/endodontielaval.com\/dentiste\/wp-json\/wp\/v2\/pages\/375\/revisions"}],"predecessor-version":[{"id":380,"href":"https:\/\/endodontielaval.com\/dentiste\/wp-json\/wp\/v2\/pages\/375\/revisions\/380"}],"wp:attachment":[{"href":"https:\/\/endodontielaval.com\/dentiste\/wp-json\/wp\/v2\/media?parent=375"}],"curies":[{"name":"wp","href":"https:\/\/api.w.org\/{rel}","templated":true}]}}