{"id":384,"date":"2019-12-12T14:22:24","date_gmt":"2019-12-12T14:22:24","guid":{"rendered":"https:\/\/endodontielaval.com\/dentiste\/?page_id=384"},"modified":"2019-12-12T14:22:28","modified_gmt":"2019-12-12T14:22:28","slug":"revascularisation","status":"publish","type":"page","link":"https:\/\/endodontielaval.com\/dentiste\/revascularisation\/","title":{"rendered":"Revascularisation"},"content":{"rendered":"<p>[et_pb_section fb_built=\u00a0\u00bb1&Prime; _builder_version=\u00a0\u00bb3.22&Prime; background_image=\u00a0\u00bbhttps:\/\/endodontielaval.com\/dentiste\/wp-content\/uploads\/2019\/12\/soins_strip.jpg\u00a0\u00bb][et_pb_row _builder_version=\u00a0\u00bb3.25&Prime; background_size=\u00a0\u00bbinitial\u00a0\u00bb background_position=\u00a0\u00bbtop_left\u00a0\u00bb background_repeat=\u00a0\u00bbrepeat\u00a0\u00bb][et_pb_column type=\u00a0\u00bb4_4&Prime; _builder_version=\u00a0\u00bb3.25&Prime; custom_padding=\u00a0\u00bb|||\u00a0\u00bb custom_padding__hover=\u00a0\u00bb|||\u00a0\u00bb][et_pb_text _builder_version=\u00a0\u00bb4.0.9&Prime; header_font=\u00a0\u00bb|||on|||||\u00a0\u00bb header_text_align=\u00a0\u00bbcenter\u00a0\u00bb header_text_color=\u00a0\u00bb#ffffff\u00a0\u00bb header_2_font=\u00a0\u00bb|||on|||||\u00a0\u00bb header_2_text_align=\u00a0\u00bbcenter\u00a0\u00bb custom_padding=\u00a0\u00bb50px||50px|\u00a0\u00bb hover_enabled=\u00a0\u00bb0&Prime;]<\/p>\n<h1>Conseils pratiques<\/h1>\n<p>[\/et_pb_text][\/et_pb_column][\/et_pb_row][\/et_pb_section][et_pb_section fb_built=\u00a0\u00bb1&Prime; _builder_version=\u00a0\u00bb3.22&Prime;][et_pb_row _builder_version=\u00a0\u00bb3.25&Prime; background_size=\u00a0\u00bbinitial\u00a0\u00bb background_position=\u00a0\u00bbtop_left\u00a0\u00bb background_repeat=\u00a0\u00bbrepeat\u00a0\u00bb column_structure=\u00a0\u00bb3_4,1_4&Prime;][et_pb_column type=\u00a0\u00bb3_4&Prime; _builder_version=\u00a0\u00bb3.25&Prime; custom_padding=\u00a0\u00bb|||\u00a0\u00bb custom_padding__hover=\u00a0\u00bb|||\u00a0\u00bb][et_pb_text _builder_version=\u00a0\u00bb4.0.9&Prime; header_2_text_color=\u00a0\u00bb#325fa6&Prime; hover_enabled=\u00a0\u00bb0&Prime;]<\/p>\n<h2>Revascularisation<\/h2>\n<p data-mce-fragment=\"1\">Cette proc\u00e9dure est une th\u00e9rapie relativement nouvelle pour le traitement des dents permanentes avec apex tr\u00e8s immature dont la pulpe est infect\u00e9e et le d\u00e9veloppement interrompu. Cette th\u00e9rapie permet de redonner aux cellules de la zone p\u00e9riapicale, le potentiel de r\u00e9g\u00e9n\u00e9rer la formation radiculaire et ainsi permettre la formation de parois radiculaires plus longues et plus \u00e9paisses.<\/p>\n<p data-mce-fragment=\"1\">Suite \u00e0 la taille d\u2019une cavit\u00e9 d\u2019acc\u00e8s ad\u00e9quate, un examen de la zone apicale sera r\u00e9alis\u00e9 avec l\u2019aide du microscope op\u00e9ratoire afin d\u2019y \u00e9valuer la pr\u00e9sence de tissu.<\/p>\n<p class=\"bluePara\" data-mce-fragment=\"1\"><strong data-mce-fragment=\"1\">Aucune instrumentation canalaire n\u2019est requise.<\/strong><\/p>\n<p data-mce-fragment=\"1\">Suite \u00e0 une irrigation copieuse avec NaOCL 2.5%, le canal sera scell\u00e9 d\u00e9licatement avec une mixture de 3 antibiotiques : M\u00e9tronidazole, minocycline, ciprofloxacin et ce pour une dur\u00e9e de 3-4 semaines. La mixture devrait \u00eatre plac\u00e9e \u00e0 1-2 mm sous le joint \u00e9namo-c\u00e9mentaire.<\/p>\n<p data-mce-fragment=\"1\">Suite \u00e0 la r\u00e9sorption des sympt\u00f4mes ou signes ( fistule), le canal sera irrigu\u00e9 \u00e0 nouveau, ass\u00e9ch\u00e9 d\u00e9licatement afin de ne pas traumatiser les tissus p\u00e9riapicaux. Une matrice de collag\u00e8ne sera mise en place et le canal sera scell\u00e9 d\u00e9finitivement avec un ciment MTA (Mineral Trioxide Aggregate). Une ouate humide pourra faciliter la prise du ciment sur 24 heures et, par la suite, on placera une restauration permanente en composite mordanc\u00e9.<\/p>\n<p class=\"bluePara\" data-mce-fragment=\"1\">Il y aura contr\u00f4le r\u00e9gulier afin d\u2019observer le d\u00e9veloppement radiculaire. Il est \u00e0 noter que la th\u00e9rapie canalaire ne sera pas n\u00e9cessaire suite \u00e0 la formation compl\u00e8te de la racine.\u200b<\/p>\n<p>&nbsp;[\/et_pb_text][\/et_pb_column][et_pb_column type=\u00a0\u00bb1_4&Prime; _builder_version=\u00a0\u00bb3.25&Prime; custom_padding=\u00a0\u00bb|||\u00a0\u00bb custom_padding__hover=\u00a0\u00bb|||\u00a0\u00bb][et_pb_image src=\u00a0\u00bbhttps:\/\/endodontielaval.com\/dentiste\/wp-content\/uploads\/2019\/12\/revascularisation.jpg\u00a0\u00bb align_tablet=\u00a0\u00bbcenter\u00a0\u00bb align_last_edited=\u00a0\u00bbon|desktop\u00a0\u00bb _builder_version=\u00a0\u00bb4.0.9&Prime; hover_enabled=\u00a0\u00bb0&Prime;][\/et_pb_image][\/et_pb_column][\/et_pb_row][\/et_pb_section]<\/p>\n","protected":false},"excerpt":{"rendered":"<p>[et_pb_section fb_built=\u00a0\u00bb1&Prime; _builder_version=\u00a0\u00bb3.22&Prime; background_image=\u00a0\u00bbhttps:\/\/endodontielaval.com\/dentiste\/wp-content\/uploads\/2019\/12\/soins_strip.jpg\u00a0\u00bb][et_pb_row _builder_version=\u00a0\u00bb3.25&Prime; background_size=\u00a0\u00bbinitial\u00a0\u00bb background_position=\u00a0\u00bbtop_left\u00a0\u00bb background_repeat=\u00a0\u00bbrepeat\u00a0\u00bb][et_pb_column type=\u00a0\u00bb4_4&Prime; _builder_version=\u00a0\u00bb3.25&Prime; custom_padding=\u00a0\u00bb|||\u00a0\u00bb custom_padding__hover=\u00a0\u00bb|||\u00a0\u00bb][et_pb_text _builder_version=\u00a0\u00bb4.0.9&Prime; header_font=\u00a0\u00bb|||on|||||\u00a0\u00bb header_text_align=\u00a0\u00bbcenter\u00a0\u00bb header_text_color=\u00a0\u00bb#ffffff\u00a0\u00bb header_2_font=\u00a0\u00bb|||on|||||\u00a0\u00bb header_2_text_align=\u00a0\u00bbcenter\u00a0\u00bb custom_padding=\u00a0\u00bb50px||50px|\u00a0\u00bb hover_enabled=\u00a0\u00bb0&Prime;] Conseils pratiques [\/et_pb_text][\/et_pb_column][\/et_pb_row][\/et_pb_section][et_pb_section fb_built=\u00a0\u00bb1&Prime; _builder_version=\u00a0\u00bb3.22&Prime;][et_pb_row _builder_version=\u00a0\u00bb3.25&Prime; background_size=\u00a0\u00bbinitial\u00a0\u00bb background_position=\u00a0\u00bbtop_left\u00a0\u00bb background_repeat=\u00a0\u00bbrepeat\u00a0\u00bb column_structure=\u00a0\u00bb3_4,1_4&Prime;][et_pb_column type=\u00a0\u00bb3_4&Prime; _builder_version=\u00a0\u00bb3.25&Prime; custom_padding=\u00a0\u00bb|||\u00a0\u00bb custom_padding__hover=\u00a0\u00bb|||\u00a0\u00bb][et_pb_text _builder_version=\u00a0\u00bb4.0.9&Prime; header_2_text_color=\u00a0\u00bb#325fa6&Prime; hover_enabled=\u00a0\u00bb0&Prime;] Revascularisation Cette proc\u00e9dure est une th\u00e9rapie relativement nouvelle pour le traitement des dents permanentes avec apex tr\u00e8s immature [&hellip;]<\/p>\n","protected":false},"author":1,"featured_media":0,"parent":0,"menu_order":0,"comment_status":"closed","ping_status":"closed","template":"","meta":{"_et_pb_use_builder":"on","_et_pb_old_content":"","_et_gb_content_width":""},"_links":{"self":[{"href":"https:\/\/endodontielaval.com\/dentiste\/wp-json\/wp\/v2\/pages\/384"}],"collection":[{"href":"https:\/\/endodontielaval.com\/dentiste\/wp-json\/wp\/v2\/pages"}],"about":[{"href":"https:\/\/endodontielaval.com\/dentiste\/wp-json\/wp\/v2\/types\/page"}],"author":[{"embeddable":true,"href":"https:\/\/endodontielaval.com\/dentiste\/wp-json\/wp\/v2\/users\/1"}],"replies":[{"embeddable":true,"href":"https:\/\/endodontielaval.com\/dentiste\/wp-json\/wp\/v2\/comments?post=384"}],"version-history":[{"count":2,"href":"https:\/\/endodontielaval.com\/dentiste\/wp-json\/wp\/v2\/pages\/384\/revisions"}],"predecessor-version":[{"id":388,"href":"https:\/\/endodontielaval.com\/dentiste\/wp-json\/wp\/v2\/pages\/384\/revisions\/388"}],"wp:attachment":[{"href":"https:\/\/endodontielaval.com\/dentiste\/wp-json\/wp\/v2\/media?parent=384"}],"curies":[{"name":"wp","href":"https:\/\/api.w.org\/{rel}","templated":true}]}}