{"id":9,"date":"2019-11-27T17:51:40","date_gmt":"2019-11-27T17:51:40","guid":{"rendered":"https:\/\/endodontielaval.com\/dentiste\/?page_id=9"},"modified":"2020-05-26T13:17:10","modified_gmt":"2020-05-26T13:17:10","slug":"accueil","status":"publish","type":"page","link":"https:\/\/endodontielaval.com\/dentiste\/","title":{"rendered":"Accueil"},"content":{"rendered":"<p>[et_pb_section fb_built=\u00a0\u00bb1&Prime; fullwidth=\u00a0\u00bbon\u00a0\u00bb _builder_version=\u00a0\u00bb3.22&Prime;][et_pb_fullwidth_image src=\u00a0\u00bbhttps:\/\/endodontielaval.com\/dentiste\/wp-content\/uploads\/2019\/11\/slide2.jpg\u00a0\u00bb _builder_version=\u00a0\u00bb3.21&Prime;][\/et_pb_fullwidth_image][\/et_pb_section][et_pb_section fb_built=\u00a0\u00bb1&Prime; _builder_version=\u00a0\u00bb3.22&Prime; custom_padding=\u00a0\u00bb10px||10px|\u00a0\u00bb][et_pb_row _builder_version=\u00a0\u00bb4.0.9&Prime;][et_pb_column type=\u00a0\u00bb4_4&Prime; _builder_version=\u00a0\u00bb4.0.9&Prime;][et_pb_text _builder_version=\u00a0\u00bb4.0.9&Prime; header_text_color=\u00a0\u00bb#325fa6&Prime; header_2_text_color=\u00a0\u00bb#325fa6&Prime; hover_enabled=\u00a0\u00bb0&Prime;]<\/p>\n<h1>Bienvenue \u00e0 la Clinique d\u2019endodontie Laval !<\/h1>\n<p>Ce site internet a \u00e9t\u00e9 cr\u00e9\u00e9 dans le but de faciliter la collaboration entre les endodontistes et les dentistes qui r\u00e9f\u00e8rent leurs patients pour traitement. Il se veut aussi un outil d\u2019information que les dentistes r\u00e9f\u00e9rents pourront consulter afin de faciliter la g\u00e9rance de certains traitements.<\/p>\n<p>La mission premi\u00e8re de la Clinique d\u2019endodontie Laval : prendre grand soin des patients qui nous sont r\u00e9f\u00e9r\u00e9s, faire en sorte que le traitement soit le moins traumatisant possible, ainsi que de travailler en \u00e9troite collaboration avec les dentistes r\u00e9f\u00e9rents pour maintenir un suivi professionnel avec eux. \u00c0 la fin du traitement endodontique, un rapport de traitement vous est envoy\u00e9 et votre patient est avis\u00e9 que son dentiste communiquera avec lui pour la suite du traitement.<\/p>\n<p style=\"text-align: center;\"><a href=\"https:\/\/endodontielaval.com\/dentiste\/procedure-de-reference\/\"><img loading=\"lazy\" class=\"wp-image-479 size-full aligncenter\" src=\"https:\/\/endodontielaval.com\/dentiste\/wp-content\/uploads\/2020\/01\/formulaire-4.jpg\" alt=\"\" width=\"504\" height=\"80\" srcset=\"https:\/\/endodontielaval.com\/dentiste\/wp-content\/uploads\/2020\/01\/formulaire-4.jpg 504w, https:\/\/endodontielaval.com\/dentiste\/wp-content\/uploads\/2020\/01\/formulaire-4-480x76.jpg 480w\" sizes=\"(min-width: 0px) and (max-width: 480px) 480px, (min-width: 481px) 504px, 100vw\" \/><\/a><\/p>\n<p>[\/et_pb_text][\/et_pb_column][\/et_pb_row][et_pb_row _builder_version=\u00a0\u00bb3.25&Prime; custom_padding=\u00a0\u00bb10px|||\u00a0\u00bb][et_pb_column type=\u00a0\u00bb4_4&Prime; _builder_version=\u00a0\u00bb3.25&Prime; custom_padding=\u00a0\u00bb|||\u00a0\u00bb custom_padding__hover=\u00a0\u00bb|||\u00a0\u00bb][et_pb_text _builder_version=\u00a0\u00bb4.0.9&Prime; header_text_color=\u00a0\u00bb#325fa6&Prime; header_2_font=\u00a0\u00bb|||on|||||\u00a0\u00bb header_2_text_align=\u00a0\u00bbcenter\u00a0\u00bb header_2_text_color=\u00a0\u00bb#325fa6&Prime; hover_enabled=\u00a0\u00bb0&Prime;]<\/p>\n<h2>Les sp\u00e9cialistes<\/h2>\n<p>[\/et_pb_text][\/et_pb_column][\/et_pb_row][et_pb_row column_structure=\u00a0\u00bb1_4,1_4,1_4,1_4&Prime; _builder_version=\u00a0\u00bb3.25&Prime; background_size=\u00a0\u00bbinitial\u00a0\u00bb background_position=\u00a0\u00bbtop_left\u00a0\u00bb background_repeat=\u00a0\u00bbrepeat\u00a0\u00bb][et_pb_column type=\u00a0\u00bb1_4&Prime; _builder_version=\u00a0\u00bb3.25&Prime; custom_padding=\u00a0\u00bb|||\u00a0\u00bb custom_padding__hover=\u00a0\u00bb|||\u00a0\u00bb][et_pb_team_member name=\u00a0\u00bb Dr Normand Aubre\u00a0\u00bb position=\u00a0\u00bbDoctorat en m\u00e9decine dentaire\u00a0\u00bb image_url=\u00a0\u00bbhttps:\/\/endodontielaval.com\/dentiste\/wp-content\/uploads\/2019\/11\/image-profilLink-normand.jpg\u00a0\u00bb _builder_version=\u00a0\u00bb4.0.7&Prime; link_option_url=\u00a0\u00bbhttps:\/\/endodontielaval.com\/dentiste\/dr-normand-aubre\/\u00a0\u00bb border_radii_image=\u00a0\u00bbon|0px|0px|0px|0px\u00a0\u00bb]<\/p>\n<p><a href=\"https:\/\/endodontielaval.com\/dentiste\/dr-normand-aubre\/\">Voir son profil<\/a><\/p>\n<p>[\/et_pb_team_member][\/et_pb_column][et_pb_column type=\u00a0\u00bb1_4&Prime; _builder_version=\u00a0\u00bb3.25&Prime; custom_padding=\u00a0\u00bb|||\u00a0\u00bb custom_padding__hover=\u00a0\u00bb|||\u00a0\u00bb][et_pb_team_member name=\u00a0\u00bbDr Maryse Major\u00a0\u00bb position=\u00a0\u00bbDoctorat en m\u00e9decine dentaire\u00a0\u00bb image_url=\u00a0\u00bbhttps:\/\/endodontielaval.com\/dentiste\/wp-content\/uploads\/2019\/11\/image-profilLink-maryse.jpg\u00a0\u00bb _builder_version=\u00a0\u00bb3.21&Prime; link_option_url=\u00a0\u00bbhttps:\/\/endodontielaval.com\/dentiste\/dr-maryse-major\/\u00a0\u00bb border_radii_image=\u00a0\u00bbon|0px|0px|0px|0px\u00a0\u00bb]<\/p>\n<p><a href=\"https:\/\/endodontielaval.com\/dentiste\/dr-maryse-major\/\">Voir son profil<\/a><\/p>\n<p>[\/et_pb_team_member][\/et_pb_column][et_pb_column type=\u00a0\u00bb1_4&Prime; _builder_version=\u00a0\u00bb3.25&Prime; custom_padding=\u00a0\u00bb|||\u00a0\u00bb custom_padding__hover=\u00a0\u00bb|||\u00a0\u00bb][et_pb_team_member name=\u00a0\u00bbDr Margaret Cielecki\u00a0\u00bb position=\u00a0\u00bbDoctorat en m\u00e9decine dentaire\u00a0\u00bb image_url=\u00a0\u00bbhttps:\/\/endodontielaval.com\/dentiste\/wp-content\/uploads\/2019\/11\/image-profilLink-margaret.jpg\u00a0\u00bb _builder_version=\u00a0\u00bb3.21&Prime; link_option_url=\u00a0\u00bbhttps:\/\/endodontielaval.com\/dentiste\/dr-margaret-cielecki\/\u00a0\u00bb border_radii_image=\u00a0\u00bbon|0px|0px|0px|0px\u00a0\u00bb]<\/p>\n<p><a href=\"https:\/\/endodontielaval.com\/dentiste\/dr-margaret-cielecki\/\">Voir son profil<\/a><\/p>\n<p>[\/et_pb_team_member][\/et_pb_column][et_pb_column type=\u00a0\u00bb1_4&Prime; _builder_version=\u00a0\u00bb3.25&Prime; custom_padding=\u00a0\u00bb|||\u00a0\u00bb custom_padding__hover=\u00a0\u00bb|||\u00a0\u00bb][et_pb_team_member name=\u00a0\u00bbDr Karine Charara\u00a0\u00bb position=\u00a0\u00bbDoctorat en m\u00e9decine dentaire\u00a0\u00bb image_url=\u00a0\u00bbhttps:\/\/endodontielaval.com\/dentiste\/wp-content\/uploads\/2019\/11\/charara1.jpg\u00a0\u00bb _builder_version=\u00a0\u00bb3.21&Prime; link_option_url=\u00a0\u00bbhttps:\/\/endodontielaval.com\/dentiste\/dr-karine-charara\/\u00a0\u00bb border_radii_image=\u00a0\u00bbon|0px|0px|0px|0px\u00a0\u00bb]<\/p>\n<p><a href=\"https:\/\/endodontielaval.com\/dentiste\/dr-karine-charara\/\">Voir son profil<\/a><\/p>\n<p>[\/et_pb_team_member][\/et_pb_column][\/et_pb_row][\/et_pb_section]<\/p>\n","protected":false},"excerpt":{"rendered":"<p>[et_pb_section fb_built=\u00a0\u00bb1&Prime; fullwidth=\u00a0\u00bbon\u00a0\u00bb _builder_version=\u00a0\u00bb3.22&Prime;][et_pb_fullwidth_image src=\u00a0\u00bbhttps:\/\/endodontielaval.com\/dentiste\/wp-content\/uploads\/2019\/11\/slide2.jpg\u00a0\u00bb _builder_version=\u00a0\u00bb3.21&Prime;][\/et_pb_fullwidth_image][\/et_pb_section][et_pb_section fb_built=\u00a0\u00bb1&Prime; _builder_version=\u00a0\u00bb3.22&Prime; custom_padding=\u00a0\u00bb10px||10px|\u00a0\u00bb][et_pb_row _builder_version=\u00a0\u00bb4.0.9&Prime;][et_pb_column type=\u00a0\u00bb4_4&Prime; _builder_version=\u00a0\u00bb4.0.9&Prime;][et_pb_text _builder_version=\u00a0\u00bb4.0.9&Prime; header_text_color=\u00a0\u00bb#325fa6&Prime; header_2_text_color=\u00a0\u00bb#325fa6&Prime; hover_enabled=\u00a0\u00bb0&Prime;] Bienvenue \u00e0 la Clinique d\u2019endodontie Laval ! Ce site internet a \u00e9t\u00e9 cr\u00e9\u00e9 dans le but de faciliter la collaboration entre les endodontistes et les dentistes qui r\u00e9f\u00e8rent leurs patients pour traitement. Il se veut aussi un outil d\u2019information [&hellip;]<\/p>\n","protected":false},"author":1,"featured_media":0,"parent":0,"menu_order":0,"comment_status":"closed","ping_status":"closed","template":"","meta":{"_et_pb_use_builder":"on","_et_pb_old_content":"","_et_gb_content_width":""},"_links":{"self":[{"href":"https:\/\/endodontielaval.com\/dentiste\/wp-json\/wp\/v2\/pages\/9"}],"collection":[{"href":"https:\/\/endodontielaval.com\/dentiste\/wp-json\/wp\/v2\/pages"}],"about":[{"href":"https:\/\/endodontielaval.com\/dentiste\/wp-json\/wp\/v2\/types\/page"}],"author":[{"embeddable":true,"href":"https:\/\/endodontielaval.com\/dentiste\/wp-json\/wp\/v2\/users\/1"}],"replies":[{"embeddable":true,"href":"https:\/\/endodontielaval.com\/dentiste\/wp-json\/wp\/v2\/comments?post=9"}],"version-history":[{"count":68,"href":"https:\/\/endodontielaval.com\/dentiste\/wp-json\/wp\/v2\/pages\/9\/revisions"}],"predecessor-version":[{"id":506,"href":"https:\/\/endodontielaval.com\/dentiste\/wp-json\/wp\/v2\/pages\/9\/revisions\/506"}],"wp:attachment":[{"href":"https:\/\/endodontielaval.com\/dentiste\/wp-json\/wp\/v2\/media?parent=9"}],"curies":[{"name":"wp","href":"https:\/\/api.w.org\/{rel}","templated":true}]}}